{"id":10,"date":"2018-05-10T10:30:32","date_gmt":"2018-05-10T10:30:32","guid":{"rendered":"http:\/\/people-like-us-2.com\/?page_id=10"},"modified":"2026-01-06T16:53:07","modified_gmt":"2026-01-06T16:53:07","slug":"start","status":"publish","type":"page","link":"https:\/\/people-like-us-2.com\/","title":{"rendered":"Hauptseite"},"content":{"rendered":"<p><a href=\"#more\"><\/p>\n<p><!-- .container --><br \/>\n\t\t\t\t\t\t\t\t <!-- .overlay --><\/p>\n<p><\/a><\/p>\n<p>DIE STORY<br \/>\n\t\t\t\t\t\t\t\t\t\t\t\t\t\t\t\t\t\t\t\t\t\t\t\t\t\t\t\t\t\t\t\t\t\t\t\t\t\t\t\tErfahre mehr \u00fcber das Projekt.<br \/>\n\t\t\t\t\t\t\t\t\t\t\t\t\t\t\t\t\t\t\t\t\t\t\t\t\t\t\t\t\t\t\t\t\t\t\t\t\t\t\t\t<a href=\"#story\" target=\"_blank\"><br \/>\n\t\t\t\t\t\t\t\t\t\t\t\t\t\t\tHier mehr\t\t\t\t\t\t\t\t\t\t\t\t\t\t<\/a><\/p>\n<p><!-- .container --><br \/>\n\t\t\t\t\t\t\t\t <!-- .overlay --><\/p>\n<p>DAS TEAM<br \/>\n\t\t\t\t\t\t\t\t\t\t\t\t\t\t\t\t\t\t\t\t\t\t\t\t\t\t\t\t\t\t\t\t\t\t\t\t\t\t\t\tLerne das Team kennen.<br \/>\n\t\t\t\t\t\t\t\t\t\t\t\t\t\t\t\t\t\t\t\t\t\t\t\t\t\t\t\t\t\t\t\t\t\t\t\t\t\t\t\t<a href=\"#team\" target=\"_blank\"><br \/>\n\t\t\t\t\t\t\t\t\t\t\t\t\t\t\tHier mehr\t\t\t\t\t\t\t\t\t\t\t\t\t\t<\/a><\/p>\n<p><!-- .container --><br \/>\n\t\t\t\t\t\t\t\t <!-- .overlay --><\/p>\n<p>DIE WEINE<br \/>\n\t\t\t\t\t\t\t\t\t\t\t\t\t\t\t\t\t\t\t\t\t\t\t\t\t\t\t\t\t\t\t\t\t\t\t\t\t\t\t\tEntdecke die Weine<br \/>\n\t\t\t\t\t\t\t\t\t\t\t\t\t\t\t\t\t\t\t\t\t\t\t\t\t\t\t\t\t\t\t\t\t\t\t\t\t\t\t\t<a href=\"#team\" target=\"_blank\"><br \/>\n\t\t\t\t\t\t\t\t\t\t\t\t\t\t\tHier mehr\t\t\t\t\t\t\t\t\t\t\t\t\t\t<\/a><\/p>\n<p><!-- .container --><br \/>\n\t\t\t\t\t\t\t\t <!-- .overlay --><\/p>\n<p>KONTAKT<br \/>\n\t\t\t\t\t\t\t\t\t\t\t\t\t\t\t\t\t\t\t\t\t\t\t\t\t\t\t\t\t\t\t\t\t\t\t\t\t\t\t\tNimm Kontakt zu uns auf<br \/>\n\t\t\t\t\t\t\t\t\t\t\t\t\t\t\t\t\t\t\t\t\t\t\t\t\t\t\t\t\t\t\t\t\t\t\t\t\t\t\t\t<a href=\"#team\" target=\"_blank\"><br \/>\n\t\t\t\t\t\t\t\t\t\t\t\t\t\t\tHier mehr\t\t\t\t\t\t\t\t\t\t\t\t\t\t<\/a><\/p>\n<p><!-- .container --><br \/>\n\t\t\t\t\t\t\t\t <!-- .overlay --><\/p>\n<p>NEWS<br \/>\n\t\t\t\t\t\t\t\t\t\t\t\t\t\t\t\t\t\t\t\t\t\t\t\t\t\t\t\t\t\t\t\t\t\t\t\t\t\t\t\tErfahre Neuigkeiten \u00fcber uns<br \/>\n\t\t\t\t\t\t\t\t\t\t\t\t\t\t\t\t\t\t\t\t\t\t\t\t\t\t\t\t\t\t\t\t\t\t\t\t\t\t\t\t<a href=\"#team\" target=\"_blank\"><br \/>\n\t\t\t\t\t\t\t\t\t\t\t\t\t\t\tHier mehr\t\t\t\t\t\t\t\t\t\t\t\t\t\t<\/a><\/p>\n<p><!-- .container --><br \/>\n\t\t\t\t\t\t\t\t <!-- .overlay --><\/p>\n<p>Die Weinserie f\u00fcr Menschen wie dich und mich.\t\t\t\t\t\t\t\t<\/p>\n<p><a href=\"#more\"><\/p>\n<p>DIE STORY\t\t\t\t\t\t\t\t\t\t\t\t\t\t<\/p>\n<p><!-- .container --><br \/>\n\t\t\t\t\t\t\t\t <!-- .overlay --><\/p>\n<p><\/a><\/p>\n<p>Drei ziemlich beste Freunde sitzen bei einer guten Flasche Wein zusammen, haben jede Menge Spa\u00df und philosophieren \u00fcber Gott und die Welt. Und sie haben eine Vision: gemeinsam Wein zu machen. Ganz nach ihrem Geschmack. Und f\u00fcr Menschen, die so ticken wie sie. Mehrere Weine sollen es sein. Bunt und facettenreich wie das Leben. Qualitativ \u00fcberzeugend und trotzdem erschwinglich.&nbsp;Nach einigen kreativen Sessions steht der Name f\u00fcr das Gemeinschaftsprojekt: PEOPLE LIKE US. Die Weinserie f\u00fcr Menschen wie dich und mich. Menschen, die weltoffen und kommunikativ sind, die Lebenserfahrung mitbringen, die Spa\u00df haben am Leben, an Musik und Kunst, am Genie\u00dfen, am Zusammensein mit Freunden und an spannenden Geschichten. Markante Typen, die sich ihren ganz pers\u00f6nlichen Lebenstraum erf\u00fcllt haben und ihr eigenes Ding machen. Und die eins verbindet: die Leidenschaft f\u00fcr gutes Essen und guten Wein.<\/p>\n<p>DAS TEAM\t\t\t\t\t\t\t\t\t\t\t\t\t\t<\/p>\n<p><!-- .container --><br \/>\n\t\t\t\t\t\t\t\t <!-- .overlay --><\/p>\n<p>Otmar Scherr\t\t\t\t\t\t\t\t<\/p>\n<p><img loading=\"lazy\" decoding=\"async\" width=\"1000\" height=\"1000\" src=\"http:\/\/people-like-us-2.com\/wp-content\/uploads\/2018\/05\/Portrait_ottmar.jpg\" \/>\t\t\t\t<\/p>\n<p>Der Pathologe und Weinsammler mit der ausgepr\u00e4gten Cuv\u00e9e-Erfahrung<br \/>\n\t\t\t\t\t\t\t\t\t\t\t\t\t\t\t\t\t\t\t\t\t\t\t\t\t\t\t\t\t\t\t\t\t\t\t\t\tBereits in seiner Zeit als Student der Medizin Mitte der 1970er Jahre erwachte in ihm die Leidenschaft f\u00fcr hochwertige franz\u00f6sische Rotweine und andere herausragende Premiumgew\u00e4chse aus aller Welt. Heute verf\u00fcgt der Weinenthusiast \u00fcber eine der gr\u00f6\u00dften und wertvollsten privaten Weinsammlungen in Deutschland. 2007 erwarb Otmar Scherr an der S\u00fcdlichen Weinstrasse eigene Weinberge und erf\u00fcllte sich so seinen Traum vom eigenen Wein. Nach dem Verkauf seiner Pathologiepraxis (2014) ist er als Vollprofi im Weinsektor unterwegs und feilt fortan mit viel Akribie an seinen eigenen Cuvees.\u00a0Es sind seine unglaublich reichen Erfahrungen mit edlen Kreszenzen und seine tiefe Kenntnis \u00fcber die Entstehung von gro\u00dfen Weinen, die Otmar Scherr so wichtig f\u00fcr PEOPLE LIKE US machen. Viele seiner Ideen sind in die Erzeugung der neuen Serie mit eingeflossen, insbesondere seine Vorliebe f\u00fcr traditionelle Weinbereitungsmethoden, die er auch in seiner eigenen Weinlinie <a href=\"http:\/\/www.wein-dr-scherr.de\" target=\"_blank\">(www.wein-dr-scherr.de)<\/a> praktiziert.<\/p>\n<p><!-- \/row --><\/p>\n<p>Gabi Penka-Sch\u00fcder\t\t\t\t\t\t\t\t<\/p>\n<p><img loading=\"lazy\" decoding=\"async\" width=\"1000\" height=\"1000\" src=\"http:\/\/people-like-us-2.com\/wp-content\/uploads\/2018\/05\/Portrait_gabi.jpg\" \/>\t\t\t\t<\/p>\n<p>Die Apothekerin mit dem feinen Geruchs- und Geschmacksinn<br \/>\n\t\t\t\t\t\t\t\t\t\t\t\t\t\t\t\t\t\t\t\t\t\t\t\t\t\t\t\t\t\t\t\t\t\t\t\t\tGanz vorne steht f\u00fcr sie die Liebe zu Weinen mit Charakter, die durchaus K\u00f6rper und breite Schultern haben d\u00fcrfen. Auf ihren zahlreichen Reisen durch die Welt hat die gelernte Apothekerin unter anderem zu Fu\u00df die afrikanische Wildnis durchstreift, den Gipfel des Kilimanjaro erklommen und mit einer Harley den S\u00fcdwesten der USA erkundet. Auf ihren Touren hat sich die begeisterte K\u00f6chin immer mit den unterschiedlichen Ess- und Trinkkulturen der jeweiligen L\u00e4nder besch\u00e4ftigt. Sie liebt das Authentische, auch in seiner extremen Form. Nicht umsonst ist sie von einem renommierten Genussmagazin zur Whisky-Kennerin des Jahres 1998 gek\u00fcrt worden.&nbsp;Mit ihrem besonderen Gesp\u00fcr f\u00fcr guten Geschmack ist Gabi Penka-Sch\u00fcder bei PEOPLE LIKE US geradezu pr\u00e4destiniert f\u00fcrs Finetuning der einzelnen Kreszenzen. Das Herausarbeiten filigraner Aromen sowie der Sorten- und Terroirtypizit\u00e4t liegen ihr dabei besonders am Herzen. Gerne geht sie aber auch neue Wege und bricht mit althergebrachten Regeln und Konventionen.<\/p>\n<p><!-- \/row --><\/p>\n<p>Martin Wettstein\t\t\t\t\t\t\t\t<\/p>\n<p><img loading=\"lazy\" decoding=\"async\" width=\"1000\" height=\"1000\" src=\"http:\/\/people-like-us-2.com\/wp-content\/uploads\/2018\/05\/Portrait_martin.jpg\" \/>\t\t\t\t<\/p>\n<p>Der Winzer und Winemaker aus Leidenschaft<br \/>\n\t\t\t\t\t\t\t\t\t\t\t\t\t\t\t\t\t\t\t\t\t\t\t\t\t\t\t\t\t\t\t\t\t\t\t\t\tIm Jahr 1994 verabschiedete sich der promovierte Agrarwissenschaftler von seinem gut dotierten Job in der Agrarindustrie und startete sein eigenes Ding: Zusammen mit seiner Frau Martina \u00fcbernahm er das altehrw\u00fcrdige Weingut der Familie Siener. In den zur\u00fcckliegenden zwei Dekaden ist es ihm gelungen, die lange Tradition des Weinguts, dessen Wurzeln bis ins 17. Jahrhundert zur\u00fcckreichen, mit neuen, innovativen Ideen in Einklang zu bringen. Power und Inspiration zieht er dabei auch aus seinen Hobbies: Musik (Heavy Metal, Hardrock, Funk) und Leichtathletik. \u00a0Bei PEOPLE LIKE US ist Martin Wettstein der Vordenker. Au\u00dferdem ist er mit seiner durch viel Engagement und Herzblut gepr\u00e4gten Arbeit im Weinberg und Keller der Garant f\u00fcr die Entstehung von qualitativ optimalem Ausgangsmaterial. Die neue Weinlinie stellt f\u00fcr ihn die perfekte Erg\u00e4nzung zu seiner klassischen SieneR-Weinedition <a href=\"http:\/\/www.weingut-siener-wettstein.de\" target=\"_blank\">(www.weingut-siener-wettstein.de)<\/a> dar.\u00a0<\/p>\n<p><!-- \/row --><\/p>\n<p><!--[if lt IE 9]&gt;&lt;![endif]--><br \/>\n<a href=\"http:\/\/people-like-us-2.com\/wp-content\/uploads\/2019\/07\/WeingutSiener_Introfilm_v3.mp4\">http:\/\/people-like-us-2.com\/wp-content\/uploads\/2019\/07\/WeingutSiener_Introfilm_v3.mp4<\/a>\t\t\t\t<a><\/a><\/p>\n<p>DIE WEINE<br \/>\n\t\t\t\t\t\t\t\t\t\t\t\t\t\t\t\t\t\t\t\t\t\tBunt und facettenreich wie das Leben und die Menschen.\u00a0<\/p>\n<p><a href=\"http:\/\/people-like-us-2.com\/?page_id=77\/#bestellen\"><br \/>\n\t\t\t\t\t\t\t\t\t\t\t\t\t\t\t\t\t\t\t\t\t\t\t\t\t\t\t\t\tRiesling\t\t\t\t\t\t\t\t\t\t\t\t\t\t\t\t\t\t\t\t\t\t\t\t\t\t\t\t\t<\/a><\/p>\n<p>Die Mineralit\u00e4t steht bei unseren Rieslingweinen, die in den Terrassen des Birkweiler Taschbergs gewachsen sind, im Vordergrund. Zu den wundersch\u00f6nen Fruchtaromen heimischen Obstes (Birne, Weinbergpfirsich), gesellen sich im Glas Nuancen von tropischen Fr\u00fcchten (Orange, Ananas, Grapefruit). Dass die Weine ein beachtliches Reifepotential haben, zeigen uns die Jahrgangsweine aus 2017 und 2018.<br \/>\n\t\t\t\t\t\t\t\t\t\t\t\t\t\t\t\t\t\t\t\t\t\t\t\t\t\t\t\t\t\t\t\t\t\t\t\t\t<a href=\"http:\/\/people-like-us-2.com\/?page_id=77\/#bestellen\"><br \/>\n\t\t\t\t\t\t\t\t\t\t\t\t\t\tPreise und Bestellung\t\t\t\t\t\t\t\t\t\t\t\t\t<\/a><\/p>\n<p><img loading=\"lazy\" decoding=\"async\" width=\"1200\" height=\"306\" src=\"http:\/\/people-like-us-2.com\/wp-content\/uploads\/2019\/07\/Riesling_2018.png\" \/>\t\t\t\t<\/p>\n<p><a href=\"http:\/\/people-like-us-2.com\/?page_id=77\/#bestellen\"><br \/>\n\t\t\t\t\t\t\t\t\t\t\t\t\t\t\t\t\t\t\t\t\t\t\t\t\t\t\t\t\tChardonnay\t\t\t\t\t\t\t\t\t\t\t\t\t\t\t\t\t\t\t\t\t\t\t\t\t\t\t\t\t<\/a><\/p>\n<p>Die gro\u00dfen Chardonnays der Cote de Beaune im Burgund haben uns bei der Vinifizierung des PEOPLE LIKE US-Chardonnay\u00a0\u00a0inspiriert. Die vom Muschelkalk gepr\u00e4gten Steillagen im Birkweiler Kastanienbusch bieten dabei ideale Voraussetzungen f\u00fcr diesen Wein. Sein Aromenspektrum reicht aufgrund der Lagerung im Holzfass von Mango, Quitte, getrockneter Aprikose \u00fcber Vanille bis zu Karamell.<br \/>\n\t\t\t\t\t\t\t\t\t\t\t\t\t\t\t\t\t\t\t\t\t\t\t\t\t\t\t\t\t\t\t\t\t\t\t\t\t<a href=\"http:\/\/people-like-us-2.com\/?page_id=77\/#bestellen\"><br \/>\n\t\t\t\t\t\t\t\t\t\t\t\t\t\tPreise und Bestellung\t\t\t\t\t\t\t\t\t\t\t\t\t<\/a><\/p>\n<p><img loading=\"lazy\" decoding=\"async\" width=\"1200\" height=\"306\" src=\"http:\/\/people-like-us-2.com\/wp-content\/uploads\/2019\/07\/Chardonnay_2018.png\" \/>\t\t\t\t<\/p>\n<p><a href=\"http:\/\/people-like-us-2.com\/?page_id=77\/#bestellen\"><br \/>\n\t\t\t\t\t\t\t\t\t\t\t\t\t\t\t\t\t\t\t\t\t\t\t\t\t\t\t\t\tSauvignon Blanc\t\t\t\t\t\t\t\t\t\t\t\t\t\t\t\t\t\t\t\t\t\t\t\t\t\t\t\t\t<\/a><\/p>\n<p>Dank einer Lese zu unterschiedlichen Zeitpunkten ist es uns m\u00f6glich, die eher vegetabilen, gr\u00fcnen Geschmackskomponenten (gr\u00fcner Spargel, Rhabarber) und die f\u00fcr die Rebsorte so typischen exotischen Aromen (Maracuja, Grapefruit, Cassis) in einem Wein zu vereinen. Unser Sauvignon Blanc steht f\u00fcr Fr\u00fchling, Sonne, Frische und Spa\u00df<br \/>\n\t\t\t\t\t\t\t\t\t\t\t\t\t\t\t\t\t\t\t\t\t\t\t\t\t\t\t\t\t\t\t\t\t\t\t\t\t<a href=\"http:\/\/people-like-us-2.com\/?page_id=77\/#bestellen\"><br \/>\n\t\t\t\t\t\t\t\t\t\t\t\t\t\tPreise und Bestellung\t\t\t\t\t\t\t\t\t\t\t\t\t<\/a><\/p>\n<p><img loading=\"lazy\" decoding=\"async\" width=\"1200\" height=\"306\" src=\"http:\/\/people-like-us-2.com\/wp-content\/uploads\/2019\/07\/SauvignonBlanc_2018.png\" \/>\t\t\t\t<\/p>\n<p><a href=\"http:\/\/people-like-us-2.com\/?page_id=77\/#bestellen\"><br \/>\n\t\t\t\t\t\t\t\t\t\t\t\t\t\t\t\t\t\t\t\t\t\t\t\t\t\t\t\t\tPinot Noir\t\t\t\t\t\t\t\t\t\t\t\t\t\t\t\t\t\t\t\t\t\t\t\t\t\t\t\t\t<\/a><\/p>\n<p>Als \u201eWein f\u00fcr das Candle-Light-Dinner\u201c ist der 2016er Pinot Noir bei vielen unserer Freunde in sch\u00f6ner Erinnerung geblieben. Bevor dieser Pinot auf die Flasche kommt, lagert er im Regelfall 16 Monate in gro\u00dfen und kleinen Holzf\u00e4ssern. Im Geruch und Geschmack brilliert ein Bouquet von Brombeeren und Kirschen, das sich mit Gew\u00fcrzaromen von Lakritze, Nelke und Wacholderbeeren vereint.<br \/>\n\t\t\t\t\t\t\t\t\t\t\t\t\t\t\t\t\t\t\t\t\t\t\t\t\t\t\t\t\t\t\t\t\t\t\t\t\t<a href=\"http:\/\/people-like-us-2.com\/?page_id=77\/#bestellen\"><br \/>\n\t\t\t\t\t\t\t\t\t\t\t\t\t\tPreise und Bestellung\t\t\t\t\t\t\t\t\t\t\t\t\t<\/a><\/p>\n<p><img loading=\"lazy\" decoding=\"async\" width=\"1200\" height=\"306\" src=\"http:\/\/people-like-us-2.com\/wp-content\/uploads\/2019\/07\/PinotNoir_2017.png\" \/>\t\t\t\t<\/p>\n<p><a href=\"http:\/\/people-like-us-2.com\/?page_id=77\/#bestellen\"><br \/>\n\t\t\t\t\t\t\t\t\t\t\t\t\t\t\t\t\t\t\t\t\t\t\t\t\t\t\t\t\tPinot Blanc\t\t\t\t\t\t\t\t\t\t\t\t\t\t\t\t\t\t\t\t\t\t\t\t\t\t\t\t\t<\/a><\/p>\n<p>Mit unserem Weinprogramm wollen wir polarisieren, so auch mit unserem Pinot Blanc. Von seiner Stilistik her pr\u00e4sentiert er sich leicht und frisch. Der Duft und Geschmack steht f\u00fcr eine Aromenvielfalt, die an Eisbonbon, gebrannte Mandeln, gr\u00fcnen Apfel und Minze erinnert. So schmeckt der Sommer!<br \/>\n\t\t\t\t\t\t\t\t\t\t\t\t\t\t\t\t\t\t\t\t\t\t\t\t\t\t\t\t\t\t\t\t\t\t\t\t\t<a href=\"http:\/\/people-like-us-2.com\/?page_id=77\/#bestellen\"><br \/>\n\t\t\t\t\t\t\t\t\t\t\t\t\t\tPreise und Bestellung\t\t\t\t\t\t\t\t\t\t\t\t\t<\/a><\/p>\n<p><img loading=\"lazy\" decoding=\"async\" width=\"1200\" height=\"306\" src=\"http:\/\/people-like-us-2.com\/wp-content\/uploads\/2019\/07\/PinotBlanc_2018.png\" \/>\t\t\t\t<\/p>\n<p><!-- \/row --><\/p>\n<p>KONTAKT<br \/>\n\t\t\t\t\t\t\t\t\t\t\t\t\t\t\t\t\t\t\t\t\t\t\t\t\t\t\t\t\t\t\t\t\t\t\t\t\t\t\t\tSie m\u00f6chten die Weine probieren?<br \/>\n\t\t\t\t\t\t\t\t\t\t\t\t\t\t\t\t\t\t\t\t\t\t\t\t\t\t\t\t\t\t\t\t\t\t\t\t\t\t\t\t<a href=\"https:\/\/people-like-us-2.com\/?page_id=77\"><br \/>\n\t\t\t\t\t\t\t\t\t\t\t\t\t\t\tSo geht\u2019s\t\t\t\t\t\t\t\t\t\t\t\t\t\t<\/a><\/p>\n<p><!-- .container --><br \/>\n\t\t\t\t\t\t\t\t <!-- .overlay --><\/p>\n<p>NEWS<br \/>\n\t\t\t\t\t\t\t\t\t\t\t\t\t\t\t\t\t\t\t\t\t\t\t\t\t\t\t\t\t\t\t\t\t\t\t\t\t\t\t\tSie m\u00f6chten wissen was es neues gibt?<br \/>\n\t\t\t\t\t\t\t\t\t\t\t\t\t\t\t\t\t\t\t\t\t\t\t\t\t\t\t\t\t\t\t\t\t\t\t\t\t\t\t\t<a href=\"https:\/\/people-like-us-2.com\/?page_id=70\"><br \/>\n\t\t\t\t\t\t\t\t\t\t\t\t\t\t\tJetzt lesen\t\t\t\t\t\t\t\t\t\t\t\t\t\t<\/a><\/p>\n<p><!-- .container --><br \/>\n\t\t\t\t\t\t\t\t <!-- .overlay --><\/p>\n","protected":false},"excerpt":{"rendered":"<p class=\"excerpt\">DIE STORY Erfahre mehr \u00fcber das Projekt. Hier mehr DAS TEAM Lerne das Team kennen. Hier mehr DIE WEINE Entdecke die Weine Hier mehr KONTAKT Nimm Kontakt zu uns auf Hier mehr NEWS Erfahre Neuigkeiten \u00fcber uns Hier mehr Die Weinserie f\u00fcr Menschen wie dich und mich. DIE STORY Drei ziemlich beste Freunde sitzen bei [&hellip;]<\/p>\n","protected":false},"author":1,"featured_media":0,"parent":0,"menu_order":0,"comment_status":"closed","ping_status":"closed","template":"builder.php","meta":{"footnotes":""},"class_list":["post-10","page","type-page","status-publish","hentry"],"_links":{"self":[{"href":"https:\/\/people-like-us-2.com\/index.php?rest_route=\/wp\/v2\/pages\/10","targetHints":{"allow":["GET"]}}],"collection":[{"href":"https:\/\/people-like-us-2.com\/index.php?rest_route=\/wp\/v2\/pages"}],"about":[{"href":"https:\/\/people-like-us-2.com\/index.php?rest_route=\/wp\/v2\/types\/page"}],"author":[{"embeddable":true,"href":"https:\/\/people-like-us-2.com\/index.php?rest_route=\/wp\/v2\/users\/1"}],"replies":[{"embeddable":true,"href":"https:\/\/people-like-us-2.com\/index.php?rest_route=%2Fwp%2Fv2%2Fcomments&post=10"}],"version-history":[{"count":138,"href":"https:\/\/people-like-us-2.com\/index.php?rest_route=\/wp\/v2\/pages\/10\/revisions"}],"predecessor-version":[{"id":952,"href":"https:\/\/people-like-us-2.com\/index.php?rest_route=\/wp\/v2\/pages\/10\/revisions\/952"}],"wp:attachment":[{"href":"https:\/\/people-like-us-2.com\/index.php?rest_route=%2Fwp%2Fv2%2Fmedia&parent=10"}],"curies":[{"name":"wp","href":"https:\/\/api.w.org\/{rel}","templated":true}]}}