{"id":77,"date":"2018-05-10T15:46:29","date_gmt":"2018-05-10T15:46:29","guid":{"rendered":"http:\/\/people-like-us-2.com\/?page_id=77"},"modified":"2026-01-06T16:53:07","modified_gmt":"2026-01-06T16:53:07","slug":"kontakt","status":"publish","type":"page","link":"https:\/\/people-like-us-2.com\/?page_id=77","title":{"rendered":"Kontakt"},"content":{"rendered":"<p>KONTAKT\t\t\t\t\t\t\t\t\t\t\t\t\t\t<\/p>\n<p><!-- .container --><br \/>\n\t\t\t\t\t\t\t\t <!-- .overlay --><\/p>\n<p>Wir freuen uns auf Sie.\t\t\t\t\t\t\t\t<\/p>\n<p><a href=\"http:\/\/www.facebook.com\/peoplelikeus2\"><br \/>\n\t\t\t\t\t\t\t\t\t\t\t\t\t\t\t\t\t\t\t\t\t\t\t\t\t\t\t\t\tRufen Sie uns an oder schicken Sie uns eine E-Mail.\t\t\t\t\t\t\t\t\t\t\t\t\t\t\t\t\t\t\t\t\t\t\t\t\t\t\t\t\t<\/a><\/p>\n<p>c\/o Weingut Siener-Dr. WettsteinBengertstr. 176833 SiebeldingenTel. <a href=\"tel:+496345954540\">0 63 45 \/ 95 45 40<\/a><a href=\"mailto:siener@t-online.de\">siener@t-online.de<\/a><br \/>\n\t\t\t\t\t\t\t\t\t\t\t\t\t\t\t\t\t\t\t\t\t\t\t\t\t\t\t\t\t\t\t\t\t\t\t\t\t<a href=\"http:\/\/www.facebook.com\/peoplelikeus2\"><br \/>\n\t\t\t\t\t\t\t\t\t\t\t\t\t\tWerde hier Fan auf Facebook\t\t\t\t\t\t\t\t\t\t\t\t\t<\/a><\/p>\n<p><!-- \/row --><\/p>\n<p><a><\/a><\/p>\n<p>Weine bestellen<br \/>\n\t\t\t\t\t\t\t\t\t\t\t\t\t\t\t\t\t\t\t\t\t\tSie m\u00f6chten sich selbst von der Qualit\u00e4t der Weine \u00fcberzeugen?Dann tuen Sie es!<\/p>\n<p>Preise<br \/>\n\t\t\t\t\t\t\t\t\t\t\t\t\t\t\t\t\t\t\t\t\t\t\t\t\t\t\t\t\t\t\t\t\t\t\t\t\t2022 SAUVIGNON BLANC QbA trocken \u00a0 \u00a0 \u00a0 \u00a0 \u00a0 \u00a0 \u00a0 \u00a0\u20ac 8,90\u00a0 (\u20ac 11,86 \/ Liter)2023 SAUVIGNON BLANC QbA trocken \u00a0 \u00a0 \u00a0 \u00a0 \u00a0 \u00a0 \u00a0 \u00a0\u20ac 8,90 \u00a0(\u20ac 11,86 \/ Liter)2022 RIESLING QbA Edition Doux \u00a0 \u00a0 \u00a0 \u00a0 \u00a0 \u00a0 \u00a0 \u00a0 \u00a0 \u00a0 \u00a0 \u00a0 \u00a0\u20ac 8,90\u00a0 (\u20ac 11,86 \/ Liter)2023 RIESLING QbA trocken \u00a0 \u00a0 \u00a0 \u00a0 \u00a0 \u00a0 \u00a0 \u00a0 \u00a0 \u00a0 \u00a0 \u00a0 \u00a0 \u00a0 \u00a0\u00a0 \u00a0 \u00a0\u20ac 8,90 \u00a0(\u20ac 11,86 \/ Liter)2022\/23 CHARDONNAY QbA trocken \u00a0 \u00a0 \u00a0 \u00a0 \u00a0 \u00a0 \u00a0 \u00a0 \u00a0 \u00a0\u20ac 9,90\u00a0 (\u20ac 13,20 \/ Liter)\u00a02020\/21 PINOT NOIR QbA trocken \u00a0 \u00a0 \u00a0 \u00a0 \u00a0 \u00a0 \u00a0 \u00a0 \u00a0 \u00a0 \u00a0 \u00a0 \u00a0 \u20ac 9,90\u00a0 (\u20ac 11,33 \/ Liter)2021 PINOT NOIR QbA MAINTENANT trocken\u00a0 \u00a0 \u00a0 \u20ac 16,50\u00a0 (\u20ac 22,00 \/ Liter)2022 MERLOT QbA trocken\u00a0 \u00a0 \u00a0 \u00a0 \u00a0 \u00a0 \u00a0 \u00a0 \u00a0 \u00a0 \u00a0 \u00a0 \u00a0 \u00a0 \u00a0 \u00a0 \u00a0 \u00a0 \u00a0 \u00a0\u20ac 12,50\u00a0 (\u20ac 16,66 \/ Liter)2022\/23 PINOT BLANC QbA trocken \u00a0 \u00a0 \u00a0 \u00a0 \u00a0 \u00a0 \u00a0 \u00a0 \u00a0 \u00a0 \u00a0 \u20ac 8,90\u00a0\u00a0(\u20ac 11,86 \/ Liter)2023 PINOT NOIR Ros\u00e9 QbA trocken \u00a0 \u00a0 \u00a0 \u00a0 \u00a0 \u00a0 \u00a0 \u00a0 \u00a0 \u00a0 \u00a0 \u20ac 8,90 \u00a0(\u20ac 11,86 \/ Liter)\u00a0 \u00a0 \u00a0 \u00a0 \u00a0 \u00a0 \u00a0 \u00a0 \u00a0 \u00a0\u00a0\u00a0\u00a0Die Preise verstehen sich inkl. Mwst ab Hof.<\/p>\n<p><a href=\"mailto:siener@t-online.de\"><br \/>\n\t\t\t\t\t\t\t\t\t\t\t\t\t\t\t\t\t\t\t\t\t\t\t\t\t\t\t\t\tVersand\t\t\t\t\t\t\t\t\t\t\t\t\t\t\t\t\t\t\t\t\t\t\t\t\t\t\t\t\t<\/a><\/p>\n<p>Der Versand der Weine kann in 6er, 12er und 15er Kartons erfolgen. Die einzelnen Kartons k\u00f6nnen ganz individuell nach Ihrem Geschmack und Ihrer pers\u00f6nlichen Pr\u00e4ferenz best\u00fcckt werden. Aus versand- und versicherungstechnischen Gr\u00fcnden m\u00fcssen die einzelnen Gebinde komplett mit Flaschen best\u00fcckt sein. &nbsp;&nbsp;F\u00fcr den Versand eines 6er Kartons berechnen wir \u20ac 7,90.&nbsp;Der 12er bzw. der 15er Karton kostet \u20ac 9,90. &nbsp;&nbsp;Sie k\u00f6nnen Ihre Bestellung via email (<a href=\"mailto:siener@t-online.de\">siener@t-online<\/a>), per Fax (06345 \u2013 954542) oder telefonisch (06345 \u2013 954540) bei uns aufgeben.&nbsp;<br \/>\n\t\t\t\t\t\t\t\t\t\t\t\t\t\t\t\t\t\t\t\t\t\t\t\t\t\t\t\t\t\t\t\t\t\t\t\t\t<a href=\"mailto:siener@t-online.de\"><br \/>\n\t\t\t\t\t\t\t\t\t\t\t\t\t\tHier per Mail bestellen\t\t\t\t\t\t\t\t\t\t\t\t\t<\/a><\/p>\n<p><!-- \/row --><\/p>\n","protected":false},"excerpt":{"rendered":"<p class=\"excerpt\">KONTAKT Wir freuen uns auf Sie. Rufen Sie uns an oder schicken Sie uns eine E-Mail. c\/o Weingut Siener-Dr. WettsteinBengertstr. 176833 SiebeldingenTel. 0 63 45 \/ 95 45 40siener@t-online.de Werde hier Fan auf Facebook Weine bestellen Sie m\u00f6chten sich selbst von der Qualit\u00e4t der Weine \u00fcberzeugen?Dann tuen Sie es! Preise 2022 SAUVIGNON BLANC QbA trocken [&hellip;]<\/p>\n","protected":false},"author":1,"featured_media":0,"parent":0,"menu_order":0,"comment_status":"closed","ping_status":"closed","template":"builder.php","meta":{"footnotes":""},"class_list":["post-77","page","type-page","status-publish","hentry"],"_links":{"self":[{"href":"https:\/\/people-like-us-2.com\/index.php?rest_route=\/wp\/v2\/pages\/77","targetHints":{"allow":["GET"]}}],"collection":[{"href":"https:\/\/people-like-us-2.com\/index.php?rest_route=\/wp\/v2\/pages"}],"about":[{"href":"https:\/\/people-like-us-2.com\/index.php?rest_route=\/wp\/v2\/types\/page"}],"author":[{"embeddable":true,"href":"https:\/\/people-like-us-2.com\/index.php?rest_route=\/wp\/v2\/users\/1"}],"replies":[{"embeddable":true,"href":"https:\/\/people-like-us-2.com\/index.php?rest_route=%2Fwp%2Fv2%2Fcomments&post=77"}],"version-history":[{"count":134,"href":"https:\/\/people-like-us-2.com\/index.php?rest_route=\/wp\/v2\/pages\/77\/revisions"}],"predecessor-version":[{"id":949,"href":"https:\/\/people-like-us-2.com\/index.php?rest_route=\/wp\/v2\/pages\/77\/revisions\/949"}],"wp:attachment":[{"href":"https:\/\/people-like-us-2.com\/index.php?rest_route=%2Fwp%2Fv2%2Fmedia&parent=77"}],"curies":[{"name":"wp","href":"https:\/\/api.w.org\/{rel}","templated":true}]}}